{"id":1020,"date":"2017-05-15T16:39:20","date_gmt":"2017-05-15T14:39:20","guid":{"rendered":"https:\/\/hoechsmann.de\/?page_id=1020\/"},"modified":"2025-04-23T15:56:27","modified_gmt":"2025-04-23T13:56:27","slug":"contact","status":"publish","type":"page","link":"https:\/\/hoechsmann.de\/en\/contact\/","title":{"rendered":"Contact"},"content":{"rendered":"<section class=\"l-section wpb_row height_auto\"><div class=\"l-section-h i-cf\"><div class=\"g-cols vc_row via_flex valign_top type_default stacking_default\"><div class=\"vc_col-sm-12 wpb_column vc_column_container\"><div class=\"vc_column-inner\"><div class=\"wpb_wrapper\"><div class=\"w-image hc-icon align_none\"><div class=\"w-image-h\"><img decoding=\"async\" width=\"512\" height=\"512\" src=\"https:\/\/hoechsmann.de\/wp-content\/uploads\/2016\/11\/favicon.png\" class=\"attachment-large size-large\" alt=\"\" loading=\"lazy\" srcset=\"https:\/\/hoechsmann.de\/wp-content\/uploads\/2016\/11\/favicon.png 512w, https:\/\/hoechsmann.de\/wp-content\/uploads\/2016\/11\/favicon-300x300.png 300w, https:\/\/hoechsmann.de\/wp-content\/uploads\/2016\/11\/favicon-150x150.png 150w\" sizes=\"auto, (max-width: 512px) 100vw, 512px\" \/><\/div><\/div><div class=\"w-separator nospacer_line size_small with_line width_30 thick_2 style_solid color_primary align_center\"><div class=\"w-separator-h\"><\/div><\/div>[vc_custom_heading text=&#8221;Contact&#8221; font_container=&#8221;tag:h1|text_align:center&#8221; use_theme_fonts=&#8221;yes&#8221; css=&#8221;%7B%22default%22%3A%7B%22margin-bottom%22%3A%2225px%22%2C%22padding-left%22%3A%220%22%2C%22padding-top%22%3A%220%22%2C%22padding-bottom%22%3A%220%22%2C%22padding-right%22%3A%220%22%7D%7D&#8221;][vc_custom_heading text=&#8221;Contact us!&#8221; use_theme_fonts=&#8221;yes&#8221;]<\/div><\/div><\/div><\/div><\/div><\/section><section class=\"l-section wpb_row us_custom_a6eb5305 height_auto\"><div class=\"l-section-h i-cf\"><div class=\"g-cols vc_row via_flex valign_top type_default stacking_default\"><div class=\"vc_col-sm-6 wpb_column vc_column_container\"><div class=\"vc_column-inner\"><div class=\"wpb_wrapper\">\n<div class=\"wpcf7 no-js\" id=\"wpcf7-f2819-o1\" lang=\"de-DE\" dir=\"ltr\" data-wpcf7-id=\"2819\">\n<div class=\"screen-reader-response\"><p role=\"status\" aria-live=\"polite\" aria-atomic=\"true\"><\/p> <ul><\/ul><\/div>\n<form action=\"\/en\/wp-json\/wp\/v2\/pages\/1020#wpcf7-f2819-o1\" method=\"post\" class=\"wpcf7-form init\" aria-label=\"Kontaktformular\" novalidate=\"novalidate\" data-status=\"init\">\n<fieldset class=\"hidden-fields-container\"><input type=\"hidden\" name=\"_wpcf7\" value=\"2819\" \/><input type=\"hidden\" name=\"_wpcf7_version\" value=\"6.1.5\" \/><input type=\"hidden\" name=\"_wpcf7_locale\" value=\"de_DE\" \/><input type=\"hidden\" name=\"_wpcf7_unit_tag\" value=\"wpcf7-f2819-o1\" \/><input type=\"hidden\" name=\"_wpcf7_container_post\" value=\"0\" \/><input type=\"hidden\" name=\"_wpcf7_posted_data_hash\" value=\"\" \/>\n<\/fieldset>\n<p><label> Name<br \/>\n<span class=\"wpcf7-form-control-wrap\" data-name=\"your-name\"><input size=\"40\" maxlength=\"400\" class=\"wpcf7-form-control wpcf7-text wpcf7-validates-as-required\" autocomplete=\"name\" aria-required=\"true\" aria-invalid=\"false\" value=\"\" type=\"text\" name=\"your-name\" \/><\/span> <\/label>\n<\/p>\n<p><label> Email address<br \/>\n<span class=\"wpcf7-form-control-wrap\" data-name=\"your-email\"><input size=\"40\" maxlength=\"400\" class=\"wpcf7-form-control wpcf7-email wpcf7-validates-as-required wpcf7-text wpcf7-validates-as-email\" autocomplete=\"email\" aria-required=\"true\" aria-invalid=\"false\" value=\"\" type=\"email\" name=\"your-email\" \/><\/span> <\/label>\n<\/p>\n<p><label> Phone<br \/>\n<span class=\"wpcf7-form-control-wrap\" data-name=\"your-tel\"><input size=\"40\" maxlength=\"400\" class=\"wpcf7-form-control wpcf7-tel wpcf7-validates-as-required wpcf7-text wpcf7-validates-as-tel\" aria-required=\"true\" aria-invalid=\"false\" value=\"\" type=\"tel\" name=\"your-tel\" \/><\/span> <\/label>\n<\/p>\n<p><span class=\"wpcf7-form-control-wrap\" data-name=\"acceptance-12\"><span class=\"wpcf7-form-control wpcf7-acceptance\"><span class=\"wpcf7-list-item\"><input type=\"checkbox\" name=\"acceptance-12\" value=\"1\" aria-invalid=\"false\" \/><\/span><\/span><\/span>I accept the <a href=\"https:\/\/hoechsmann.de\/en\/privacy-policy\/\" target=\"_blank\">privacy policy <\/a>\n<\/p>\n<p><span id=\"wpcf7-69ea43d9d3daa-wrapper\" class=\"wpcf7-form-control-wrap honeypot-312-wrap\" style=\"display:none !important; visibility:hidden !important;\"><input type=\"hidden\" name=\"honeypot-312-time-start\" value=\"1776960473\"><input type=\"hidden\" name=\"honeypot-312-time-check\" value=\"3\"><label for=\"wpcf7-69ea43d9d3daa-field\" class=\"hp-message\">Bitte lasse dieses Feld leer.<\/label><input id=\"wpcf7-69ea43d9d3daa-field\"  class=\"wpcf7-form-control wpcf7-text\" type=\"text\" name=\"honeypot-312\" value=\"\" size=\"40\" tabindex=\"-1\" autocomplete=\"new-password\" \/><\/span><br \/>\n<input class=\"wpcf7-form-control wpcf7-submit has-spinner\" type=\"submit\" value=\"Please call me back!\" \/>\n<\/p><div class=\"wpcf7-response-output\" aria-hidden=\"true\"><\/div>\n<\/form>\n<\/div>\n<\/div><\/div><\/div><div class=\"vc_col-sm-6 wpb_column vc_column_container\"><div class=\"vc_column-inner\"><div class=\"wpb_wrapper\"><div class=\"w-image align_none\"><div class=\"w-image-h\"><img decoding=\"async\" width=\"546\" height=\"306\" src=\"https:\/\/hoechsmann.de\/wp-content\/uploads\/2024\/02\/Thorsten_Amend_Schnaar_Executive_Partner_Hoechsmann_Und_Company-546x306.jpg\" class=\"attachment-us_546_306_crop size-us_546_306_crop\" alt=\"\" loading=\"lazy\" \/><\/div><\/div><\/div><\/div><\/div><\/div><\/div><\/section><section class=\"l-section wpb_row us_custom_2dbf7b3f height_auto\"><div class=\"l-section-h i-cf\"><div class=\"g-cols vc_row via_flex valign_top type_default stacking_default\"><div class=\"vc_col-sm-12 wpb_column vc_column_container\"><div class=\"vc_column-inner\"><div class=\"wpb_wrapper\">[vc_custom_heading text=&#8221;H\u00f6chsmann &amp; Company GmbH &amp; Co. KG&#8221; font_container=&#8221;tag:h2|text_align:center&#8221; use_theme_fonts=&#8221;yes&#8221;]<\/div><\/div><\/div><\/div><\/div><\/section><section class=\"l-section wpb_row us_custom_2dbf7b3f height_auto\"><div class=\"l-section-h i-cf\"><div class=\"g-cols vc_row via_flex valign_middle type_default stacking_default\"><div class=\"vc_col-sm-6 wpb_column vc_column_container\"><div class=\"vc_column-inner\"><div class=\"wpb_wrapper\"><div class=\"wpb_text_column\"><div class=\"wpb_wrapper\"><p style=\"text-align: center;\"><span style=\"font-size: 18px;\"><strong>Office D\u00fcsseldorf<\/strong><br \/>\nSiegfriedstra\u00dfe 34<br \/>\nD-40549 D\u00fcsseldorf<\/span><\/p>\n<p style=\"text-align: center;\"><span style=\"font-size: 18px;\"><a href=\"tel:+492118289450\"><i class=\"far fa-phone\"><\/i> +49 211 8289450<\/a><\/span><\/p>\n<\/div><\/div><\/div><\/div><\/div><div class=\"vc_col-sm-6 wpb_column vc_column_container\"><div class=\"vc_column-inner\"><div class=\"wpb_wrapper\"><div class=\"w-html\"> <div class=\"brlbs-cmpnt-container brlbs-cmpnt-content-blocker brlbs-cmpnt-with-individual-styles\" data-borlabs-cookie-content-blocker-id=\"google-maps\" data-borlabs-cookie-content=\"CjxpZnJhbWUgc3JjPSJodHRwczovL3d3dy5nb29nbGUuY29tL21hcHMvZW1iZWQ\/cGI9ITFtMTghMW0xMiExbTMhMWQyNDk4LjMzOTUyNDk3MDEzNTIhMmQ2Ljc0MTQ5MTg3NjMwMTghM2Q1MS4yMzEyNDE2MzA4NDA0NyEybTMhMWYwITJmMCEzZjAhM20yITFpMTAyNCEyaTc2OCE0ZjEzLjEhM20zITFtMiExczB4NDdiOGI1ZmJmMTIxZmEyOSUzQTB4NjRhNTk0ZjdlNWNmOTI5MSEyc1NpZWdmcmllZHN0cmElQzMlOUZlJTIwMzQlMkMlMjA0MDU0OSUyMEQlQzMlQkNzc2VsZG9yZiUyQyUyMERldXRzY2hsYW5kITVlMCEzbTIhMXNkZSEyc214ITR2MTY5MzU3ODU2ODAwMSE1bTIhMXNkZSEyc214IiB3aWR0aD0iNjAwIiBoZWlnaHQ9IjQ1MCIgc3R5bGU9ImJvcmRlcjowOyIgYWxsb3dmdWxsc2NyZWVuPSIiIGxvYWRpbmc9ImxhenkiIHJlZmVycmVycG9saWN5PSJuby1yZWZlcnJlci13aGVuLWRvd25ncmFkZSI+PC9pZnJhbWU+Cg==\"><div class=\"brlbs-cmpnt-cb-preset-b brlbs-cmpnt-cb-google-maps\"> <div class=\"brlbs-cmpnt-cb-thumbnail\" style=\"background-image: url('https:\/\/hoechsmann.de\/wp-content\/uploads\/borlabs-cookie\/1\/brlbs-cb-google-maps-main.png')\"><\/div> <div class=\"brlbs-cmpnt-cb-main\"> <div class=\"brlbs-cmpnt-cb-content\"> <p class=\"brlbs-cmpnt-cb-description\">You are currently viewing a placeholder content from <strong>Google Maps<\/strong>. To access the actual content, click the button below. Please note that doing so will share data with third-party providers.<\/p> <a class=\"brlbs-cmpnt-cb-provider-toggle\" href=\"#\" data-borlabs-cookie-show-provider-information role=\"button\">More Information<\/a> <\/div> <div class=\"brlbs-cmpnt-cb-buttons\"> <a class=\"brlbs-cmpnt-cb-btn\" href=\"#\" data-borlabs-cookie-unblock role=\"button\">Unblock content<\/a> <a class=\"brlbs-cmpnt-cb-btn\" href=\"#\" data-borlabs-cookie-accept-service role=\"button\" style=\"display: inherit\">Accept required service and unblock content<\/a> <\/div> <\/div> <\/div><\/div><\/div><\/div><\/div><\/div><\/div><\/div><\/section><section class=\"l-section wpb_row us_custom_2dbf7b3f height_auto\"><div class=\"l-section-h i-cf\"><div class=\"g-cols vc_row via_flex valign_middle type_default stacking_default\"><div class=\"vc_col-sm-6 wpb_column vc_column_container\"><div class=\"vc_column-inner\"><div class=\"wpb_wrapper\"><div class=\"wpb_text_column\"><div class=\"wpb_wrapper\"><p style=\"text-align: center;\"><span style=\"font-size: 18px;\"><strong>Office Frankfurt<\/strong><br \/>\nCassellastrasse 30-32<br \/>\nD-60386 Frankfurt<\/span><\/p>\n<p style=\"text-align: center;\"><span style=\"font-size: 18px;\"><a href=\"tel:+496942082760\"><i class=\"far fa-phone\"><\/i> +49 69 42082760<\/a><\/span><\/p>\n<\/div><\/div><\/div><\/div><\/div><div class=\"vc_col-sm-6 wpb_column vc_column_container\"><div class=\"vc_column-inner\"><div class=\"wpb_wrapper\"><div class=\"w-html\"> <div class=\"brlbs-cmpnt-container brlbs-cmpnt-content-blocker brlbs-cmpnt-with-individual-styles\" data-borlabs-cookie-content-blocker-id=\"google-maps\" data-borlabs-cookie-content=\"CjxpZnJhbWUgc3JjPWh0dHBzOi8vd3d3Lmdvb2dsZS5jb20vbWFwcy9lbWJlZD9wYj0hMW0xOCExbTEyITFtMyExZDI1NTcuNjI5NzY1NjU0NTAzITJkOC43NTE5MjQwODg4MzM3NTQhM2Q1MC4xMzA2NDk1OTgxMzI2ITJtMyExZjAhMmYwITNmMCEzbTIhMWkxMDI0ITJpNzY4ITRmMTMuMSEzbTMhMW0yITFzMHg0N2JkMGUzOWNiN2VmMTE3JTNBMHg3MTExMGUyNGYwYWIwYTViITJzQ2Fzc2VsbGFzdHJhJUMzJTlGZSUyMDMwLTMyJTJDJTIwNjAzODYlMjBGcmFua2Z1cnQlMjBhbSUyME1haW4lMkMlMjBEZXV0c2NobGFuZCE1ZTAhM20yITFzZGUhMnNteCE0djE2ODc5NzU5MTcxNzkhNW0yITFzZGUhMnNteCB3aWR0aD0iNjAwIiBoZWlnaHQ9IjQ1MCIgc3R5bGU9ImJvcmRlcjowOyIgYWxsb3dmdWxsc2NyZWVuPSIiIGxvYWRpbmc9ImxhenkiIHJlZmVycmVycG9saWN5PSJuby1yZWZlcnJlci13aGVuLWRvd25ncmFkZSI+PC9pZnJhbWU+Cg==\"><div class=\"brlbs-cmpnt-cb-preset-b brlbs-cmpnt-cb-google-maps\"> <div class=\"brlbs-cmpnt-cb-thumbnail\" style=\"background-image: url('https:\/\/hoechsmann.de\/wp-content\/uploads\/borlabs-cookie\/1\/brlbs-cb-google-maps-main.png')\"><\/div> <div class=\"brlbs-cmpnt-cb-main\"> <div class=\"brlbs-cmpnt-cb-content\"> <p class=\"brlbs-cmpnt-cb-description\">You are currently viewing a placeholder content from <strong>Google Maps<\/strong>. To access the actual content, click the button below. Please note that doing so will share data with third-party providers.<\/p> <a class=\"brlbs-cmpnt-cb-provider-toggle\" href=\"#\" data-borlabs-cookie-show-provider-information role=\"button\">More Information<\/a> <\/div> <div class=\"brlbs-cmpnt-cb-buttons\"> <a class=\"brlbs-cmpnt-cb-btn\" href=\"#\" data-borlabs-cookie-unblock role=\"button\">Unblock content<\/a> <a class=\"brlbs-cmpnt-cb-btn\" href=\"#\" data-borlabs-cookie-accept-service role=\"button\" style=\"display: inherit\">Accept required service and unblock content<\/a> <\/div> <\/div> <\/div><\/div><\/div><\/div><\/div><\/div><\/div><\/div><\/section><section class=\"l-section wpb_row height_auto\"><div class=\"l-section-h i-cf\"><div class=\"g-cols vc_row via_flex valign_top type_default stacking_default\"><div class=\"vc_col-sm-12 wpb_column vc_column_container\"><div class=\"vc_column-inner\"><div class=\"wpb_wrapper\"><div class=\"ult-spacer spacer-69ea43da010d3\" data-id=\"69ea43da010d3\" data-height=\"80\" data-height-mobile=\"80\" data-height-tab=\"80\" data-height-tab-portrait=\"\" data-height-mobile-landscape=\"\" style=\"clear:both;display:block;\"><\/div><\/div><\/div><\/div><\/div><\/div><\/section>\n","protected":false},"excerpt":{"rendered":"[vc_custom_heading text=\"Contact\" font_container=\"tag:h1|text_align:center\" use_theme_fonts=\"yes\" css=\"%7B%22default%22%3A%7B%22margin-bottom%22%3A%2225px%22%2C%22padding-left%22%3A%220%22%2C%22padding-top%22%3A%220%22%2C%22padding-bottom%22%3A%220%22%2C%22padding-right%22%3A%220%22%7D%7D\"][vc_custom_heading text=\"Contact us!\" use_theme_fonts=\"yes\"] Name Email address Phone I accept the privacy policy Bitte lasse dieses Feld leer. [vc_custom_heading text=\"H\u00f6chsmann &amp; Company GmbH &amp; Co. KG\" font_container=\"tag:h2|text_align:center\" use_theme_fonts=\"yes\"]Office D\u00fcsseldorf Siegfriedstra\u00dfe 34 D-40549 D\u00fcsseldorf +49 211 8289450 You are currently viewing a placeholder content from Google Maps. To access the actual content,...","protected":false},"author":2,"featured_media":0,"parent":0,"menu_order":0,"comment_status":"closed","ping_status":"closed","template":"","meta":{"_acf_changed":false,"footnotes":""},"class_list":["post-1020","page","type-page","status-publish","hentry"],"acf":[],"yoast_head":"<!-- This site is optimized with the Yoast SEO plugin v27.2 - https:\/\/yoast.com\/product\/yoast-seo-wordpress\/ -->\n<title>Contact - H\u00f6chsmann &amp; Company - Personalberatung<\/title>\n<meta name=\"description\" content=\"Your partner for executive search, board appointments, and leadership coaching \u2013 based in Frankfurt and D\u00fcsseldorf. Personal. Discreet. Reliable.\" \/>\n<meta name=\"robots\" content=\"index, follow, max-snippet:-1, max-image-preview:large, max-video-preview:-1\" \/>\n<link rel=\"canonical\" href=\"https:\/\/hoechsmann.de\/en\/contact\/\" \/>\n<meta property=\"og:locale\" content=\"en_US\" \/>\n<meta property=\"og:type\" content=\"article\" \/>\n<meta property=\"og:title\" content=\"Contact - H\u00f6chsmann &amp; Company - Personalberatung\" \/>\n<meta property=\"og:description\" content=\"Your partner for executive search, board appointments, and leadership coaching \u2013 based in Frankfurt and D\u00fcsseldorf. Personal. Discreet. Reliable.\" \/>\n<meta property=\"og:url\" content=\"https:\/\/hoechsmann.de\/en\/contact\/\" \/>\n<meta property=\"og:site_name\" content=\"H\u00f6chsmann &amp; Company - Personalberatung\" \/>\n<meta property=\"article:modified_time\" content=\"2025-04-23T13:56:27+00:00\" \/>\n<meta name=\"twitter:card\" content=\"summary_large_image\" \/>\n<meta name=\"twitter:label1\" content=\"Est. reading time\" \/>\n\t<meta name=\"twitter:data1\" content=\"1 minute\" \/>\n<script type=\"application\/ld+json\" class=\"yoast-schema-graph\">{\"@context\":\"https:\/\/schema.org\",\"@graph\":[{\"@type\":\"WebPage\",\"@id\":\"https:\/\/hoechsmann.de\/en\/contact\/\",\"url\":\"https:\/\/hoechsmann.de\/en\/contact\/\",\"name\":\"Contact - H\u00f6chsmann &amp; Company - Personalberatung\",\"isPartOf\":{\"@id\":\"https:\/\/hoechsmann.de\/#website\"},\"datePublished\":\"2017-05-15T14:39:20+00:00\",\"dateModified\":\"2025-04-23T13:56:27+00:00\",\"description\":\"Your partner for executive search, board appointments, and leadership coaching \u2013 based in Frankfurt and D\u00fcsseldorf. Personal. Discreet. Reliable.\",\"breadcrumb\":{\"@id\":\"https:\/\/hoechsmann.de\/en\/contact\/#breadcrumb\"},\"inLanguage\":\"en-US\",\"potentialAction\":[{\"@type\":\"ReadAction\",\"target\":[\"https:\/\/hoechsmann.de\/en\/contact\/\"]}]},{\"@type\":\"BreadcrumbList\",\"@id\":\"https:\/\/hoechsmann.de\/en\/contact\/#breadcrumb\",\"itemListElement\":[{\"@type\":\"ListItem\",\"position\":1,\"name\":\"Startseite\",\"item\":\"https:\/\/hoechsmann.de\/en\/\"},{\"@type\":\"ListItem\",\"position\":2,\"name\":\"Contact\"}]},{\"@type\":\"WebSite\",\"@id\":\"https:\/\/hoechsmann.de\/#website\",\"url\":\"https:\/\/hoechsmann.de\/\",\"name\":\"H\u00f6chsmann &amp; Company - Personalberatung\",\"description\":\"Executive Search - Management Advisors\",\"potentialAction\":[{\"@type\":\"SearchAction\",\"target\":{\"@type\":\"EntryPoint\",\"urlTemplate\":\"https:\/\/hoechsmann.de\/?s={search_term_string}\"},\"query-input\":{\"@type\":\"PropertyValueSpecification\",\"valueRequired\":true,\"valueName\":\"search_term_string\"}}],\"inLanguage\":\"en-US\"}]}<\/script>\n<!-- \/ Yoast SEO plugin. -->","yoast_head_json":{"title":"Contact - H\u00f6chsmann &amp; Company - Personalberatung","description":"Your partner for executive search, board appointments, and leadership coaching \u2013 based in Frankfurt and D\u00fcsseldorf. Personal. Discreet. Reliable.","robots":{"index":"index","follow":"follow","max-snippet":"max-snippet:-1","max-image-preview":"max-image-preview:large","max-video-preview":"max-video-preview:-1"},"canonical":"https:\/\/hoechsmann.de\/en\/contact\/","og_locale":"en_US","og_type":"article","og_title":"Contact - H\u00f6chsmann &amp; Company - Personalberatung","og_description":"Your partner for executive search, board appointments, and leadership coaching \u2013 based in Frankfurt and D\u00fcsseldorf. Personal. Discreet. Reliable.","og_url":"https:\/\/hoechsmann.de\/en\/contact\/","og_site_name":"H\u00f6chsmann &amp; Company - Personalberatung","article_modified_time":"2025-04-23T13:56:27+00:00","twitter_card":"summary_large_image","twitter_misc":{"Est. reading time":"1 minute"},"schema":{"@context":"https:\/\/schema.org","@graph":[{"@type":"WebPage","@id":"https:\/\/hoechsmann.de\/en\/contact\/","url":"https:\/\/hoechsmann.de\/en\/contact\/","name":"Contact - H\u00f6chsmann &amp; Company - Personalberatung","isPartOf":{"@id":"https:\/\/hoechsmann.de\/#website"},"datePublished":"2017-05-15T14:39:20+00:00","dateModified":"2025-04-23T13:56:27+00:00","description":"Your partner for executive search, board appointments, and leadership coaching \u2013 based in Frankfurt and D\u00fcsseldorf. Personal. Discreet. Reliable.","breadcrumb":{"@id":"https:\/\/hoechsmann.de\/en\/contact\/#breadcrumb"},"inLanguage":"en-US","potentialAction":[{"@type":"ReadAction","target":["https:\/\/hoechsmann.de\/en\/contact\/"]}]},{"@type":"BreadcrumbList","@id":"https:\/\/hoechsmann.de\/en\/contact\/#breadcrumb","itemListElement":[{"@type":"ListItem","position":1,"name":"Startseite","item":"https:\/\/hoechsmann.de\/en\/"},{"@type":"ListItem","position":2,"name":"Contact"}]},{"@type":"WebSite","@id":"https:\/\/hoechsmann.de\/#website","url":"https:\/\/hoechsmann.de\/","name":"H\u00f6chsmann &amp; Company - Personalberatung","description":"Executive Search - Management Advisors","potentialAction":[{"@type":"SearchAction","target":{"@type":"EntryPoint","urlTemplate":"https:\/\/hoechsmann.de\/?s={search_term_string}"},"query-input":{"@type":"PropertyValueSpecification","valueRequired":true,"valueName":"search_term_string"}}],"inLanguage":"en-US"}]}},"_links":{"self":[{"href":"https:\/\/hoechsmann.de\/en\/wp-json\/wp\/v2\/pages\/1020","targetHints":{"allow":["GET"]}}],"collection":[{"href":"https:\/\/hoechsmann.de\/en\/wp-json\/wp\/v2\/pages"}],"about":[{"href":"https:\/\/hoechsmann.de\/en\/wp-json\/wp\/v2\/types\/page"}],"author":[{"embeddable":true,"href":"https:\/\/hoechsmann.de\/en\/wp-json\/wp\/v2\/users\/2"}],"replies":[{"embeddable":true,"href":"https:\/\/hoechsmann.de\/en\/wp-json\/wp\/v2\/comments?post=1020"}],"version-history":[{"count":15,"href":"https:\/\/hoechsmann.de\/en\/wp-json\/wp\/v2\/pages\/1020\/revisions"}],"predecessor-version":[{"id":4514,"href":"https:\/\/hoechsmann.de\/en\/wp-json\/wp\/v2\/pages\/1020\/revisions\/4514"}],"wp:attachment":[{"href":"https:\/\/hoechsmann.de\/en\/wp-json\/wp\/v2\/media?parent=1020"}],"curies":[{"name":"wp","href":"https:\/\/api.w.org\/{rel}","templated":true}]}}