{"id":3214,"date":"2024-01-23T15:52:57","date_gmt":"2024-01-23T14:52:57","guid":{"rendered":"https:\/\/hoechsmann.de\/?page_id=3214"},"modified":"2024-05-10T17:22:24","modified_gmt":"2024-05-10T15:22:24","slug":"kerstin-danzl","status":"publish","type":"page","link":"https:\/\/hoechsmann.de\/en\/profile\/team\/kerstin-danzl\/","title":{"rendered":"Kerstin Danzl"},"content":{"rendered":"<section class=\"l-section wpb_row back_row height_auto\"><div class=\"l-section-h i-cf\"><div class=\"g-cols vc_row via_flex valign_top type_default stacking_default\"><div class=\"vc_col-sm-12 wpb_column vc_column_container\"><div class=\"vc_column-inner\"><div class=\"wpb_wrapper\"><div class=\"w-btn-wrapper align_right\"><a class=\"w-btn us-btn-style_3 us_custom_80a192e9 back_link\" href=\"https:\/\/hoechsmann.de\/en\/profile\/team\/\"><span class=\"w-btn-label\">Back<\/span><\/a><\/div><\/div><\/div><\/div><\/div><\/div><\/section><section class=\"l-section wpb_row pull_up_row height_auto\"><div class=\"l-section-h i-cf\"><div class=\"g-cols vc_row via_flex valign_top type_default stacking_default\"><div class=\"vc_col-sm-12 wpb_column vc_column_container\"><div class=\"vc_column-inner\"><div class=\"wpb_wrapper\"><div class=\"ult-just-icon-wrapper   vc_custom_1496325334255\"><div class=\"align-icon\" style=\"text-align:center;\">\n<div class=\"aio-icon-img \" style=\"font-size:32px;display:inline-block;\" >\n\t<img decoding=\"async\" class=\"img-icon\" alt=\"null\" src=\"https:\/\/hoechsmann.de\/wp-content\/uploads\/2016\/11\/favicon.png\"\/>\n<\/div><\/div><\/div><div class=\"w-separator nospacer_line size_small with_line width_30 thick_2 style_solid color_primary align_center\"><div class=\"w-separator-h\"><\/div><\/div><div id=\"ultimate-heading-634869d4c4f2ab354\" class=\"uvc-heading ult-adjust-bottom-margin ultimate-heading-634869d4c4f2ab354 uvc-1944 \" data-hspacer=\"no_spacer\"  data-halign=\"center\" style=\"text-align:center\"><div class=\"uvc-heading-spacer no_spacer\" style=\"top\"><\/div><div class=\"uvc-main-heading ult-responsive\"  data-ultimate-target='.uvc-heading.ultimate-heading-634869d4c4f2ab354 h2'  data-responsive-json-new='{\"font-size\":\"\",\"line-height\":\"\"}' ><h2 style=\"font-weight:normal;\">Kerstin Danzl<\/h2><\/div><div class=\"uvc-sub-heading ult-responsive\"  data-ultimate-target='.uvc-heading.ultimate-heading-634869d4c4f2ab354 .uvc-sub-heading '  data-responsive-json-new='{\"font-size\":\"\",\"line-height\":\"\"}'  style=\"font-weight:normal;margin-bottom:25px;\"><strong>Associate Partner<\/strong><\/div><\/div><\/div><\/div><\/div><\/div><\/div><\/section><section class=\"l-section wpb_row height_auto\"><div class=\"l-section-h i-cf\"><div class=\"g-cols vc_row via_flex valign_top type_default stacking_default\"><div class=\"vc_col-sm-6 wpb_column vc_column_container\"><div class=\"vc_column-inner\"><div class=\"wpb_wrapper\"><div class=\"g-cols wpb_row via_flex valign_top type_default stacking_default\"><div class=\"vc_col-sm-12 wpb_column vc_column_container\"><div class=\"vc_column-inner\"><div class=\"wpb_wrapper\"><div class=\"w-image team_page_image align_right\"><div class=\"w-image-h\"><img decoding=\"async\" width=\"426\" height=\"590\" src=\"https:\/\/hoechsmann.de\/wp-content\/uploads\/2024\/01\/240123-Danzl.jpg\" class=\"attachment-full size-full\" alt=\"\" loading=\"lazy\" srcset=\"https:\/\/hoechsmann.de\/wp-content\/uploads\/2024\/01\/240123-Danzl.jpg 426w, https:\/\/hoechsmann.de\/wp-content\/uploads\/2024\/01\/240123-Danzl-217x300.jpg 217w\" sizes=\"auto, (max-width: 426px) 100vw, 426px\" \/><\/div><\/div><div class=\"ult-spacer spacer-69d4c4f2ad6a6\" data-id=\"69d4c4f2ad6a6\" data-height=\"25\" data-height-mobile=\"25\" data-height-tab=\"25\" data-height-tab-portrait=\"\" data-height-mobile-landscape=\"\" style=\"clear:both;display:block;\"><\/div><\/div><\/div><\/div><\/div><div class=\"g-cols wpb_row info_box_align_right via_flex valign_top type_default stacking_default\"><div class=\"vc_col-sm-12 wpb_column vc_column_container\"><div class=\"vc_column-inner\"><div class=\"wpb_wrapper\"><div class=\"w-iconbox us_custom_81135851 iconpos_left style_default color_primary align_left no_text\"><div class=\"w-iconbox-icon\" style=\"font-size:1.4rem;\"><i class=\"fas fa-phone\"><\/i><\/div><div class=\"w-iconbox-meta\"><p class=\"w-iconbox-title\">+49 69 420 82 760<\/p><\/div><\/div><div class=\"w-iconbox iconpos_left style_default color_primary align_left no_text\"><div class=\"w-iconbox-icon\" style=\"font-size:1.4rem;\"><i class=\"fas fa-envelope\"><\/i><\/div><div class=\"w-iconbox-meta\"><p class=\"w-iconbox-title\">info@hoechsmann.de<\/p><\/div><\/div><\/div><\/div><\/div><\/div><\/div><\/div><\/div><div class=\"vc_col-sm-6 wpb_column vc_column_container\"><div class=\"vc_column-inner\"><div class=\"wpb_wrapper\"><div class=\"wpb_text_column\"><div class=\"wpb_wrapper\"><p>Nachdem Kerstin ihr Studium in Wirtschaftspsychologie und Human Resource Management abgeschlossen hatte, begann sie ihre Karriere als HR-Managerin in einer mittelgro\u00dfen Firma.<\/p>\n<p>Sp\u00e4ter wechselte sie in die Unternehmensberatung. In ihrer beruflichen Laufbahn hat Kerstin bisher \u00fcber 350 Talente sowie F\u00fchrungs- und Fachkr\u00e4fte bewertet und war ma\u00dfgeblich an der Entwicklung und Umsetzung von HR-Projekten in kleinen bis hin zu gro\u00dfen DAX-gef\u00fchrten Unternehmen beteiligt.<\/p>\n<p>Ihr akademischer Hintergrund erm\u00f6glicht es ihr, Herausforderungen sowohl aus einer wirtschaftlichen als auch aus einer psychologischen Perspektive zu betrachten.<\/p>\n<p>Als zertifizierte systemische Coachin und Spezialistin f\u00fcr Ver\u00e4nderungsmanagement beherrscht Kerstin sowohl Deutsch als auch Englisch flie\u00dfend.<\/p>\n<p>Um objektive und treffsichere Aussagen dar\u00fcber treffen zu k\u00f6nnen, ob Kandidaten zu Ihnen, Ihrem Team, der Unternehmenskultur und den Anforderungen passen, setzt sie die wissenschaftlich validen Pers\u00f6nlichkeitsverfahren von HOGAN Assessments (HPI, HDS, MVPI) ein.<\/p>\n<\/div><\/div><\/div><\/div><\/div><\/div><\/div><\/section><section class=\"l-section wpb_row height_auto\"><div class=\"l-section-h i-cf\"><div class=\"g-cols vc_row via_flex valign_top type_default stacking_default\"><div class=\"vc_col-sm-12 wpb_column vc_column_container\"><div class=\"vc_column-inner\"><div class=\"wpb_wrapper\"><div class=\"ult-spacer spacer-69d4c4f2af3f3\" data-id=\"69d4c4f2af3f3\" data-height=\"90\" data-height-mobile=\"90\" data-height-tab=\"90\" data-height-tab-portrait=\"\" data-height-mobile-landscape=\"\" style=\"clear:both;display:block;\"><\/div><\/div><\/div><\/div><\/div><\/div><\/section>\n","protected":false},"excerpt":{"rendered":"Back Kerstin DanzlAssociate Partner+49 69 420 82 760info@hoechsmann.deNachdem Kerstin ihr Studium in Wirtschaftspsychologie und Human Resource Management abgeschlossen hatte, begann sie ihre Karriere als HR-Managerin in einer mittelgro\u00dfen Firma. Sp\u00e4ter wechselte sie in die Unternehmensberatung. In ihrer beruflichen Laufbahn hat Kerstin bisher \u00fcber 350 Talente sowie F\u00fchrungs- und Fachkr\u00e4fte bewertet und war ma\u00dfgeblich an der...","protected":false},"author":2,"featured_media":0,"parent":997,"menu_order":0,"comment_status":"closed","ping_status":"closed","template":"","meta":{"_acf_changed":false,"footnotes":""},"class_list":["post-3214","page","type-page","status-publish","hentry"],"acf":[],"yoast_head":"<!-- This site is optimized with the Yoast SEO plugin v27.2 - https:\/\/yoast.com\/product\/yoast-seo-wordpress\/ -->\n<title>Kerstin Danzl - H\u00f6chsmann &amp; Company - Personalberatung<\/title>\n<meta name=\"robots\" content=\"index, follow, max-snippet:-1, max-image-preview:large, max-video-preview:-1\" \/>\n<link rel=\"canonical\" href=\"https:\/\/hoechsmann.de\/en\/profile\/team\/kerstin-danzl\/\" \/>\n<meta property=\"og:locale\" content=\"en_US\" \/>\n<meta property=\"og:type\" content=\"article\" \/>\n<meta property=\"og:title\" content=\"Kerstin Danzl - H\u00f6chsmann &amp; Company - Personalberatung\" \/>\n<meta property=\"og:url\" content=\"https:\/\/hoechsmann.de\/en\/profile\/team\/kerstin-danzl\/\" \/>\n<meta property=\"og:site_name\" content=\"H\u00f6chsmann &amp; Company - Personalberatung\" \/>\n<meta property=\"article:modified_time\" content=\"2024-05-10T15:22:24+00:00\" \/>\n<meta name=\"twitter:card\" content=\"summary_large_image\" \/>\n<meta name=\"twitter:label1\" content=\"Est. reading time\" \/>\n\t<meta name=\"twitter:data1\" content=\"2 minutes\" \/>\n<script type=\"application\/ld+json\" class=\"yoast-schema-graph\">{\"@context\":\"https:\/\/schema.org\",\"@graph\":[{\"@type\":\"WebPage\",\"@id\":\"https:\/\/hoechsmann.de\/en\/profile\/team\/kerstin-danzl\/\",\"url\":\"https:\/\/hoechsmann.de\/en\/profile\/team\/kerstin-danzl\/\",\"name\":\"Kerstin Danzl - H\u00f6chsmann &amp; Company - Personalberatung\",\"isPartOf\":{\"@id\":\"https:\/\/hoechsmann.de\/#website\"},\"datePublished\":\"2024-01-23T14:52:57+00:00\",\"dateModified\":\"2024-05-10T15:22:24+00:00\",\"breadcrumb\":{\"@id\":\"https:\/\/hoechsmann.de\/en\/profile\/team\/kerstin-danzl\/#breadcrumb\"},\"inLanguage\":\"en-US\",\"potentialAction\":[{\"@type\":\"ReadAction\",\"target\":[\"https:\/\/hoechsmann.de\/en\/profile\/team\/kerstin-danzl\/\"]}]},{\"@type\":\"BreadcrumbList\",\"@id\":\"https:\/\/hoechsmann.de\/en\/profile\/team\/kerstin-danzl\/#breadcrumb\",\"itemListElement\":[{\"@type\":\"ListItem\",\"position\":1,\"name\":\"Startseite\",\"item\":\"https:\/\/hoechsmann.de\/en\/\"},{\"@type\":\"ListItem\",\"position\":2,\"name\":\"Profile\",\"item\":\"https:\/\/hoechsmann.de\/en\/profile\/\"},{\"@type\":\"ListItem\",\"position\":3,\"name\":\"Team\",\"item\":\"https:\/\/hoechsmann.de\/en\/profile\/team\/\"},{\"@type\":\"ListItem\",\"position\":4,\"name\":\"Kerstin Danzl\"}]},{\"@type\":\"WebSite\",\"@id\":\"https:\/\/hoechsmann.de\/#website\",\"url\":\"https:\/\/hoechsmann.de\/\",\"name\":\"H\u00f6chsmann &amp; Company - Personalberatung\",\"description\":\"Executive Search - Management Advisors\",\"potentialAction\":[{\"@type\":\"SearchAction\",\"target\":{\"@type\":\"EntryPoint\",\"urlTemplate\":\"https:\/\/hoechsmann.de\/?s={search_term_string}\"},\"query-input\":{\"@type\":\"PropertyValueSpecification\",\"valueRequired\":true,\"valueName\":\"search_term_string\"}}],\"inLanguage\":\"en-US\"}]}<\/script>\n<!-- \/ Yoast SEO plugin. -->","yoast_head_json":{"title":"Kerstin Danzl - H\u00f6chsmann &amp; Company - Personalberatung","robots":{"index":"index","follow":"follow","max-snippet":"max-snippet:-1","max-image-preview":"max-image-preview:large","max-video-preview":"max-video-preview:-1"},"canonical":"https:\/\/hoechsmann.de\/en\/profile\/team\/kerstin-danzl\/","og_locale":"en_US","og_type":"article","og_title":"Kerstin Danzl - H\u00f6chsmann &amp; Company - Personalberatung","og_url":"https:\/\/hoechsmann.de\/en\/profile\/team\/kerstin-danzl\/","og_site_name":"H\u00f6chsmann &amp; Company - Personalberatung","article_modified_time":"2024-05-10T15:22:24+00:00","twitter_card":"summary_large_image","twitter_misc":{"Est. reading time":"2 minutes"},"schema":{"@context":"https:\/\/schema.org","@graph":[{"@type":"WebPage","@id":"https:\/\/hoechsmann.de\/en\/profile\/team\/kerstin-danzl\/","url":"https:\/\/hoechsmann.de\/en\/profile\/team\/kerstin-danzl\/","name":"Kerstin Danzl - H\u00f6chsmann &amp; Company - Personalberatung","isPartOf":{"@id":"https:\/\/hoechsmann.de\/#website"},"datePublished":"2024-01-23T14:52:57+00:00","dateModified":"2024-05-10T15:22:24+00:00","breadcrumb":{"@id":"https:\/\/hoechsmann.de\/en\/profile\/team\/kerstin-danzl\/#breadcrumb"},"inLanguage":"en-US","potentialAction":[{"@type":"ReadAction","target":["https:\/\/hoechsmann.de\/en\/profile\/team\/kerstin-danzl\/"]}]},{"@type":"BreadcrumbList","@id":"https:\/\/hoechsmann.de\/en\/profile\/team\/kerstin-danzl\/#breadcrumb","itemListElement":[{"@type":"ListItem","position":1,"name":"Startseite","item":"https:\/\/hoechsmann.de\/en\/"},{"@type":"ListItem","position":2,"name":"Profile","item":"https:\/\/hoechsmann.de\/en\/profile\/"},{"@type":"ListItem","position":3,"name":"Team","item":"https:\/\/hoechsmann.de\/en\/profile\/team\/"},{"@type":"ListItem","position":4,"name":"Kerstin Danzl"}]},{"@type":"WebSite","@id":"https:\/\/hoechsmann.de\/#website","url":"https:\/\/hoechsmann.de\/","name":"H\u00f6chsmann &amp; Company - Personalberatung","description":"Executive Search - Management Advisors","potentialAction":[{"@type":"SearchAction","target":{"@type":"EntryPoint","urlTemplate":"https:\/\/hoechsmann.de\/?s={search_term_string}"},"query-input":{"@type":"PropertyValueSpecification","valueRequired":true,"valueName":"search_term_string"}}],"inLanguage":"en-US"}]}},"_links":{"self":[{"href":"https:\/\/hoechsmann.de\/en\/wp-json\/wp\/v2\/pages\/3214","targetHints":{"allow":["GET"]}}],"collection":[{"href":"https:\/\/hoechsmann.de\/en\/wp-json\/wp\/v2\/pages"}],"about":[{"href":"https:\/\/hoechsmann.de\/en\/wp-json\/wp\/v2\/types\/page"}],"author":[{"embeddable":true,"href":"https:\/\/hoechsmann.de\/en\/wp-json\/wp\/v2\/users\/2"}],"replies":[{"embeddable":true,"href":"https:\/\/hoechsmann.de\/en\/wp-json\/wp\/v2\/comments?post=3214"}],"version-history":[{"count":6,"href":"https:\/\/hoechsmann.de\/en\/wp-json\/wp\/v2\/pages\/3214\/revisions"}],"predecessor-version":[{"id":3993,"href":"https:\/\/hoechsmann.de\/en\/wp-json\/wp\/v2\/pages\/3214\/revisions\/3993"}],"up":[{"embeddable":true,"href":"https:\/\/hoechsmann.de\/en\/wp-json\/wp\/v2\/pages\/997"}],"wp:attachment":[{"href":"https:\/\/hoechsmann.de\/en\/wp-json\/wp\/v2\/media?parent=3214"}],"curies":[{"name":"wp","href":"https:\/\/api.w.org\/{rel}","templated":true}]}}