{"id":4046,"date":"2024-06-04T10:47:38","date_gmt":"2024-06-04T08:47:38","guid":{"rendered":"https:\/\/hoechsmann.de\/?page_id=4046"},"modified":"2025-10-12T13:58:52","modified_gmt":"2025-10-12T11:58:52","slug":"careers","status":"publish","type":"page","link":"https:\/\/hoechsmann.de\/en\/profile\/careers\/","title":{"rendered":"Careers at H\u00f6chsmann &#038; Company"},"content":{"rendered":"<section class=\"l-section wpb_row height_auto\"><div class=\"l-section-h i-cf\"><div class=\"g-cols vc_row via_flex valign_top type_default stacking_default\"><div class=\"vc_col-sm-12 wpb_column vc_column_container\"><div class=\"vc_column-inner\"><div class=\"wpb_wrapper\"><div class=\"w-image align_center\"><div class=\"w-image-h\"><img decoding=\"async\" width=\"2280\" height=\"643\" src=\"https:\/\/hoechsmann.de\/wp-content\/uploads\/2025\/04\/Bannerbild-Karriere.jpg\" class=\"attachment-full size-full\" alt=\"\" loading=\"lazy\" srcset=\"https:\/\/hoechsmann.de\/wp-content\/uploads\/2025\/04\/Bannerbild-Karriere.jpg 2280w, https:\/\/hoechsmann.de\/wp-content\/uploads\/2025\/04\/Bannerbild-Karriere-300x85.jpg 300w, https:\/\/hoechsmann.de\/wp-content\/uploads\/2025\/04\/Bannerbild-Karriere-1024x289.jpg 1024w, https:\/\/hoechsmann.de\/wp-content\/uploads\/2025\/04\/Bannerbild-Karriere-600x169.jpg 600w, https:\/\/hoechsmann.de\/wp-content\/uploads\/2025\/04\/Bannerbild-Karriere-768x217.jpg 768w\" sizes=\"auto, (max-width: 2280px) 100vw, 2280px\" \/><\/div><\/div><\/div><\/div><\/div><\/div><\/div><\/section><section class=\"l-section wpb_row us_custom_2dbf7b3f height_auto\"><div class=\"l-section-h i-cf\"><div class=\"g-cols vc_row via_flex valign_top type_default stacking_default\"><div class=\"vc_col-sm-12 wpb_column vc_column_container\"><div class=\"vc_column-inner\"><div class=\"wpb_wrapper\"><div class=\"w-image hc-icon align_none\"><div class=\"w-image-h\"><img decoding=\"async\" width=\"512\" height=\"512\" src=\"https:\/\/hoechsmann.de\/wp-content\/uploads\/2016\/11\/favicon.png\" class=\"attachment-large size-large\" alt=\"\" loading=\"lazy\" srcset=\"https:\/\/hoechsmann.de\/wp-content\/uploads\/2016\/11\/favicon.png 512w, https:\/\/hoechsmann.de\/wp-content\/uploads\/2016\/11\/favicon-300x300.png 300w, https:\/\/hoechsmann.de\/wp-content\/uploads\/2016\/11\/favicon-150x150.png 150w\" sizes=\"auto, (max-width: 512px) 100vw, 512px\" \/><\/div><\/div><div class=\"w-separator nospacer_line size_small with_line width_30 thick_2 style_solid color_primary align_center\"><div class=\"w-separator-h\"><\/div><\/div>[vc_custom_heading text=&#8221;Partner* in collaboration with H\u00f6chsmann &amp; Company&#8221; font_container=&#8221;tag:h1|text_align:center&#8221; use_theme_fonts=&#8221;yes&#8221; css=&#8221;%7B%22default%22%3A%7B%22margin-bottom%22%3A%2225px%22%2C%22padding-left%22%3A%220%22%2C%22padding-top%22%3A%220%22%2C%22padding-bottom%22%3A%220%22%2C%22padding-right%22%3A%220%22%7D%7D&#8221;][vc_custom_heading text=&#8221;Scale your independent executive search practice with a strong network&#8221; font_container=&#8221;tag:h2|text_align:center&#8221; use_theme_fonts=&#8221;yes&#8221; css=&#8221;%7B%22default%22%3A%7B%22margin-bottom%22%3A%2225px%22%2C%22padding-left%22%3A%220%22%2C%22padding-top%22%3A%220%22%2C%22padding-bottom%22%3A%220%22%2C%22padding-right%22%3A%220%22%7D%7D&#8221;]<div class=\"wpb_text_column\"><div class=\"wpb_wrapper\"><p>H\u00f6chsmann &amp; Company is an owner-managed executive search boutique. We stand for sustainable, strategic and bespoke appointments in Executive &amp; Board Search, Leadership Consulting and Management Assessment. For over 25 years, we have been connecting organisations with the right leaders \u2013 professional, discreet and quality-driven.<\/p>\n<\/div><\/div><\/div><\/div><\/div><\/div><\/div><\/section><section class=\"l-section wpb_row us_custom_2dbf7b3f height_auto\"><div class=\"l-section-h i-cf\"><div class=\"g-cols vc_row via_flex valign_top type_default stacking_default\"><div class=\"vc_col-sm-12 wpb_column vc_column_container\"><div class=\"vc_column-inner\"><div class=\"wpb_wrapper\">[vc_custom_heading text=&#8221;What makes us especially attractive for consultants&#8221; font_container=&#8221;tag:h2|text_align:center&#8221; use_theme_fonts=&#8221;yes&#8221;]<div class=\"wpb_text_column\"><div class=\"wpb_wrapper\"><p data-start=\"0\" data-end=\"329\">You work without KPI pressure and without artificial off-limits restrictions, yet benefit from a supportive, collaborative environment. You operate with entrepreneurial freedom, fully autonomously, and can rely on collegial exchange and support whenever you need it. That is our definition of effective collaboration and quality.<\/p>\n<p data-start=\"331\" data-end=\"564\" data-is-last-node=\"\" data-is-only-node=\"\">You can make use of marketing and PR initiatives as well as modern IT tools, and draw on project-specific support flexibly at your discretion. This way, you invest your time where it has real impact: in assignments and relationships.<\/p>\n<\/div><\/div><\/div><\/div><\/div><\/div><\/div><\/section><section class=\"l-section wpb_row us_custom_2dbf7b3f height_auto\"><div class=\"l-section-h i-cf\"><div class=\"g-cols vc_row via_flex valign_top type_default stacking_default\"><div class=\"vc_col-sm-12 wpb_column vc_column_container\"><div class=\"vc_column-inner\"><div class=\"wpb_wrapper\">[vc_custom_heading text=&#8221;Key advantages&#8221; font_container=&#8221;tag:h2|text_align:center&#8221; use_theme_fonts=&#8221;yes&#8221;]<div class=\"g-cols wpb_row via_flex valign_top type_default stacking_default\"><div class=\"vc_col-sm-6 wpb_column vc_column_container\"><div class=\"vc_column-inner\"><div class=\"wpb_wrapper\"><div class=\"wpb_text_column\"><div class=\"wpb_wrapper\"><ul>\n<li>Freedom, not a treadmill: no revenue targets, no rigid KPIs \u2013 a focus on quality and reputation.<\/li>\n<li>Brand &amp; network: established since 2000, AESC and BDU member; international partners we know and value personally.<\/li>\n<li>Place of work: your choice; no attendance or availability requirements; Offices in D\u00fcsseldorf and Frankfurt.<\/li>\n<li>Client breadth: Mittelstand and hidden champions, family-owned businesses, international groups and the public sector, focused on C-suite and leadership roles.<\/li>\n<\/ul>\n<\/div><\/div><\/div><\/div><\/div><div class=\"vc_col-sm-6 wpb_column vc_column_container\"><div class=\"vc_column-inner\"><div class=\"wpb_wrapper\"><div class=\"w-image align_none\"><div class=\"w-image-h\"><img decoding=\"async\" width=\"546\" height=\"306\" src=\"https:\/\/hoechsmann.de\/wp-content\/uploads\/2024\/06\/Executive_Coaching_Hoechsmann_und_Company546x306.jpg\" class=\"attachment-us_546_306_crop size-us_546_306_crop\" alt=\"\" loading=\"lazy\" srcset=\"https:\/\/hoechsmann.de\/wp-content\/uploads\/2024\/06\/Executive_Coaching_Hoechsmann_und_Company546x306.jpg 546w, https:\/\/hoechsmann.de\/wp-content\/uploads\/2024\/06\/Executive_Coaching_Hoechsmann_und_Company546x306-300x168.jpg 300w\" sizes=\"auto, (max-width: 546px) 100vw, 546px\" \/><\/div><\/div><\/div><\/div><\/div><\/div><\/div><\/div><\/div><\/div><\/div><\/section><section class=\"l-section wpb_row us_custom_b705c2c4 height_auto\"><div class=\"l-section-h i-cf\"><div class=\"g-cols vc_row via_flex valign_top type_default stacking_default\"><div class=\"vc_col-sm-12 wpb_column vc_column_container\"><div class=\"vc_column-inner\"><div class=\"wpb_wrapper\">[vc_custom_heading text=&#8221;Who H&amp;C is a strong fit for&#8221; font_container=&#8221;tag:h2|text_align:center&#8221; use_theme_fonts=&#8221;yes&#8221;]<div class=\"wpb_text_column\"><div class=\"wpb_wrapper\"><ul>\n<li>Self-employed consultants seeking greater impact through brand, tools, research and sparring.<\/li>\n<li>Consultants who want to operate with greater entrepreneurial and procedural freedom.<\/li>\n<li>Consultants from organisations taking the step into self-employment, looking for a public-facing brand, flexible infrastructure, support and sparring, as well as an international network.<\/li>\n<\/ul>\n<\/div><\/div><\/div><\/div><\/div><\/div><\/div><\/section><section class=\"l-section wpb_row us_custom_b705c2c4 height_auto\"><div class=\"l-section-h i-cf\"><div class=\"g-cols vc_row via_flex valign_top type_default stacking_default\"><div class=\"vc_col-sm-12 wpb_column vc_column_container\"><div class=\"vc_column-inner\"><div class=\"wpb_wrapper\">[vc_custom_heading text=&#8221;What you bring&#8221; font_container=&#8221;tag:h2|text_align:center&#8221; use_theme_fonts=&#8221;yes&#8221;]<div class=\"wpb_text_column\"><div class=\"wpb_wrapper\"><p>You are (or are becoming) a self-employed entrepreneur, work in a structured way, communicate as an equal, uphold high quality standards and build trusted relationships.<\/p>\n<p>Beneficial for a collaboration: several years\u2019 experience in executive search or another advice-intensive environment, strong communication and business development skills, enjoyment of networking, integrity and reliability \u2013 plus the financial stability to run your own independent practice.<\/p>\n<\/div><\/div><\/div><\/div><\/div><\/div><\/div><\/section><section class=\"l-section wpb_row us_custom_2dbf7b3f height_auto\"><div class=\"l-section-h i-cf\"><div class=\"g-cols vc_row via_flex valign_top type_default stacking_default\"><div class=\"vc_col-sm-12 wpb_column vc_column_container\"><div class=\"vc_column-inner\"><div class=\"wpb_wrapper\">[vc_custom_heading text=&#8221;How we get started together&#8221; font_container=&#8221;tag:h2|text_align:center&#8221; use_theme_fonts=&#8221;yes&#8221;]<div class=\"wpb_text_column us_custom_2dbf7b3f\"><div class=\"wpb_wrapper\"><p>At an initial confidentially meeting, we jointly assess fit and positioning. As we progress, we agree the framework of our collaboration.<\/p>\n<\/div><\/div><div class=\"wpb_text_column us_custom_2dbf7b3f\"><div class=\"wpb_wrapper\"><p style=\"text-align: center;\"><strong>Connections that inspire and endure <\/strong>\u2013 not only for our clients and candidates, but also for our partnership.<\/p>\n<\/div><\/div><div class=\"wpb_text_column us_custom_8d5aa4e2\"><div class=\"wpb_wrapper\"><p style=\"text-align: center;\">We look forward to a personal conversation.<\/p>\n<\/div><\/div><div class=\"w-btn-wrapper align_center\"><a class=\"w-btn us-btn-style_5 us_custom_2dbf7b3f\" href=\"https:\/\/hoechsmann.de\/en\/contact\/\"><span class=\"w-btn-label\">Contact<\/span><\/a><\/div><div class=\"w-separator nospacer_line size_small with_line width_30 thick_2 style_solid color_primary align_center\"><div class=\"w-separator-h\"><\/div><\/div><\/div><\/div><\/div><\/div><\/div><\/section><section class=\"l-section wpb_row us_custom_b705c2c4 height_auto\"><div class=\"l-section-h i-cf\"><div class=\"g-cols vc_row via_flex valign_top type_default stacking_default\"><div class=\"vc_col-sm-12 wpb_column vc_column_container\"><div class=\"vc_column-inner\"><div class=\"wpb_wrapper\">[vc_custom_heading text=&#8221;AESC BlueSteps \u2013 a portal for your international career&#8221; font_container=&#8221;tag:h2|text_align:center&#8221; use_theme_fonts=&#8221;yes&#8221;]<div class=\"wpb_text_column us_custom_2dbf7b3f\"><div class=\"wpb_wrapper\"><p>BlueSteps (AESC) offers internationally minded leaders\u2019 additional visibility, webinars and practical tips for personal career planning.<\/p>\n<p>As an <strong>active AESC member<\/strong>, we use the network for mandates and exchange with international colleagues.<\/p>\n<\/div><\/div><div class=\"w-image align_center\"><a target=\"_blank\" href=\"https:\/\/www.bluesteps.com\/\" aria-label=\"Blue-Steps-Logo\" class=\"w-image-h\"><img decoding=\"async\" width=\"300\" height=\"54\" src=\"https:\/\/hoechsmann.de\/wp-content\/uploads\/2024\/06\/Blue-Steps-Logo-300x54.png\" class=\"attachment-medium size-medium\" alt=\"\" loading=\"lazy\" srcset=\"https:\/\/hoechsmann.de\/wp-content\/uploads\/2024\/06\/Blue-Steps-Logo-300x54.png 300w, https:\/\/hoechsmann.de\/wp-content\/uploads\/2024\/06\/Blue-Steps-Logo.png 600w\" sizes=\"auto, (max-width: 300px) 100vw, 300px\" \/><\/a><\/div><\/div><\/div><\/div><\/div><\/div><\/section><section class=\"l-section wpb_row us_custom_b705c2c4 height_auto\"><div class=\"l-section-h i-cf\"><div class=\"g-cols vc_row via_flex valign_top type_default stacking_default\"><div class=\"vc_col-sm-12 wpb_column vc_column_container\"><div class=\"vc_column-inner\"><div class=\"wpb_wrapper\"><div class=\"wpb_text_column us_custom_2dbf7b3f\"><div class=\"wpb_wrapper\"><p style=\"font-size: .8em; line-height: 1.4;\">* Collaboration is strictly on a self-employed, cooperative basis. There are no employment relationship and no instructions, attendance or availability obligations. Mandates may be accepted or declined freely; there are no minimum volumes. The title \u201cPartner\u201d is for external presentation only and is purely a marketing designation; it does not establish any corporate\/legal affiliation.<\/p>\n<\/div><\/div><\/div><\/div><\/div><\/div><\/div><\/section>\n","protected":false},"excerpt":{"rendered":"[vc_custom_heading text=\"Partner* in collaboration with H\u00f6chsmann &amp; Company\" font_container=\"tag:h1|text_align:center\" use_theme_fonts=\"yes\" css=\"%7B%22default%22%3A%7B%22margin-bottom%22%3A%2225px%22%2C%22padding-left%22%3A%220%22%2C%22padding-top%22%3A%220%22%2C%22padding-bottom%22%3A%220%22%2C%22padding-right%22%3A%220%22%7D%7D\"][vc_custom_heading text=\"Scale your independent executive search practice with a strong network\" font_container=\"tag:h2|text_align:center\" use_theme_fonts=\"yes\" css=\"%7B%22default%22%3A%7B%22margin-bottom%22%3A%2225px%22%2C%22padding-left%22%3A%220%22%2C%22padding-top%22%3A%220%22%2C%22padding-bottom%22%3A%220%22%2C%22padding-right%22%3A%220%22%7D%7D\"]H\u00f6chsmann &amp; Company is an owner-managed executive search boutique. We stand for sustainable, strategic and bespoke appointments in Executive &amp; Board Search, Leadership Consulting and Management Assessment. For over 25 years, we...","protected":false},"author":2,"featured_media":0,"parent":992,"menu_order":0,"comment_status":"closed","ping_status":"closed","template":"","meta":{"_acf_changed":false,"footnotes":""},"class_list":["post-4046","page","type-page","status-publish","hentry"],"acf":[],"yoast_head":"<!-- This site is optimized with the Yoast SEO plugin v27.2 - https:\/\/yoast.com\/product\/yoast-seo-wordpress\/ -->\n<title>Careers at H\u00f6chsmann &amp; Company - H\u00f6chsmann &amp; Company - Personalberatung<\/title>\n<meta name=\"description\" content=\"Independent consulting in cooperation with H\u00f6chsmann &amp; Company - no KPI pressure, co-branding, tools, support &amp; international network.\" \/>\n<meta name=\"robots\" content=\"index, follow, max-snippet:-1, max-image-preview:large, max-video-preview:-1\" \/>\n<link rel=\"canonical\" href=\"https:\/\/hoechsmann.de\/en\/profile\/careers\/\" \/>\n<meta property=\"og:locale\" content=\"en_US\" \/>\n<meta property=\"og:type\" content=\"article\" \/>\n<meta property=\"og:title\" content=\"Careers at H\u00f6chsmann &amp; Company - H\u00f6chsmann &amp; Company - Personalberatung\" \/>\n<meta property=\"og:description\" content=\"Independent consulting in cooperation with H\u00f6chsmann &amp; Company - no KPI pressure, co-branding, tools, support &amp; international network.\" \/>\n<meta property=\"og:url\" content=\"https:\/\/hoechsmann.de\/en\/profile\/careers\/\" \/>\n<meta property=\"og:site_name\" content=\"H\u00f6chsmann &amp; Company - Personalberatung\" \/>\n<meta property=\"article:modified_time\" content=\"2025-10-12T11:58:52+00:00\" \/>\n<meta name=\"twitter:card\" content=\"summary_large_image\" \/>\n<meta name=\"twitter:label1\" content=\"Est. reading time\" \/>\n\t<meta name=\"twitter:data1\" content=\"4 minutes\" \/>\n<script type=\"application\/ld+json\" class=\"yoast-schema-graph\">{\"@context\":\"https:\/\/schema.org\",\"@graph\":[{\"@type\":\"WebPage\",\"@id\":\"https:\/\/hoechsmann.de\/en\/profile\/careers\/\",\"url\":\"https:\/\/hoechsmann.de\/en\/profile\/careers\/\",\"name\":\"Careers at H\u00f6chsmann & Company - H\u00f6chsmann &amp; Company - Personalberatung\",\"isPartOf\":{\"@id\":\"https:\/\/hoechsmann.de\/#website\"},\"datePublished\":\"2024-06-04T08:47:38+00:00\",\"dateModified\":\"2025-10-12T11:58:52+00:00\",\"description\":\"Independent consulting in cooperation with H\u00f6chsmann & Company - no KPI pressure, co-branding, tools, support & international network.\",\"breadcrumb\":{\"@id\":\"https:\/\/hoechsmann.de\/en\/profile\/careers\/#breadcrumb\"},\"inLanguage\":\"en-US\",\"potentialAction\":[{\"@type\":\"ReadAction\",\"target\":[\"https:\/\/hoechsmann.de\/en\/profile\/careers\/\"]}]},{\"@type\":\"BreadcrumbList\",\"@id\":\"https:\/\/hoechsmann.de\/en\/profile\/careers\/#breadcrumb\",\"itemListElement\":[{\"@type\":\"ListItem\",\"position\":1,\"name\":\"Startseite\",\"item\":\"https:\/\/hoechsmann.de\/en\/\"},{\"@type\":\"ListItem\",\"position\":2,\"name\":\"Profile\",\"item\":\"https:\/\/hoechsmann.de\/en\/profile\/\"},{\"@type\":\"ListItem\",\"position\":3,\"name\":\"Careers at H\u00f6chsmann &#038; Company\"}]},{\"@type\":\"WebSite\",\"@id\":\"https:\/\/hoechsmann.de\/#website\",\"url\":\"https:\/\/hoechsmann.de\/\",\"name\":\"H\u00f6chsmann &amp; Company - Personalberatung\",\"description\":\"Executive Search - Management Advisors\",\"potentialAction\":[{\"@type\":\"SearchAction\",\"target\":{\"@type\":\"EntryPoint\",\"urlTemplate\":\"https:\/\/hoechsmann.de\/?s={search_term_string}\"},\"query-input\":{\"@type\":\"PropertyValueSpecification\",\"valueRequired\":true,\"valueName\":\"search_term_string\"}}],\"inLanguage\":\"en-US\"}]}<\/script>\n<!-- \/ Yoast SEO plugin. -->","yoast_head_json":{"title":"Careers at H\u00f6chsmann & Company - H\u00f6chsmann &amp; Company - Personalberatung","description":"Independent consulting in cooperation with H\u00f6chsmann & Company - no KPI pressure, co-branding, tools, support & international network.","robots":{"index":"index","follow":"follow","max-snippet":"max-snippet:-1","max-image-preview":"max-image-preview:large","max-video-preview":"max-video-preview:-1"},"canonical":"https:\/\/hoechsmann.de\/en\/profile\/careers\/","og_locale":"en_US","og_type":"article","og_title":"Careers at H\u00f6chsmann & Company - H\u00f6chsmann &amp; Company - Personalberatung","og_description":"Independent consulting in cooperation with H\u00f6chsmann & Company - no KPI pressure, co-branding, tools, support & international network.","og_url":"https:\/\/hoechsmann.de\/en\/profile\/careers\/","og_site_name":"H\u00f6chsmann &amp; Company - Personalberatung","article_modified_time":"2025-10-12T11:58:52+00:00","twitter_card":"summary_large_image","twitter_misc":{"Est. reading time":"4 minutes"},"schema":{"@context":"https:\/\/schema.org","@graph":[{"@type":"WebPage","@id":"https:\/\/hoechsmann.de\/en\/profile\/careers\/","url":"https:\/\/hoechsmann.de\/en\/profile\/careers\/","name":"Careers at H\u00f6chsmann & Company - H\u00f6chsmann &amp; Company - Personalberatung","isPartOf":{"@id":"https:\/\/hoechsmann.de\/#website"},"datePublished":"2024-06-04T08:47:38+00:00","dateModified":"2025-10-12T11:58:52+00:00","description":"Independent consulting in cooperation with H\u00f6chsmann & Company - no KPI pressure, co-branding, tools, support & international network.","breadcrumb":{"@id":"https:\/\/hoechsmann.de\/en\/profile\/careers\/#breadcrumb"},"inLanguage":"en-US","potentialAction":[{"@type":"ReadAction","target":["https:\/\/hoechsmann.de\/en\/profile\/careers\/"]}]},{"@type":"BreadcrumbList","@id":"https:\/\/hoechsmann.de\/en\/profile\/careers\/#breadcrumb","itemListElement":[{"@type":"ListItem","position":1,"name":"Startseite","item":"https:\/\/hoechsmann.de\/en\/"},{"@type":"ListItem","position":2,"name":"Profile","item":"https:\/\/hoechsmann.de\/en\/profile\/"},{"@type":"ListItem","position":3,"name":"Careers at H\u00f6chsmann &#038; Company"}]},{"@type":"WebSite","@id":"https:\/\/hoechsmann.de\/#website","url":"https:\/\/hoechsmann.de\/","name":"H\u00f6chsmann &amp; Company - Personalberatung","description":"Executive Search - Management Advisors","potentialAction":[{"@type":"SearchAction","target":{"@type":"EntryPoint","urlTemplate":"https:\/\/hoechsmann.de\/?s={search_term_string}"},"query-input":{"@type":"PropertyValueSpecification","valueRequired":true,"valueName":"search_term_string"}}],"inLanguage":"en-US"}]}},"_links":{"self":[{"href":"https:\/\/hoechsmann.de\/en\/wp-json\/wp\/v2\/pages\/4046","targetHints":{"allow":["GET"]}}],"collection":[{"href":"https:\/\/hoechsmann.de\/en\/wp-json\/wp\/v2\/pages"}],"about":[{"href":"https:\/\/hoechsmann.de\/en\/wp-json\/wp\/v2\/types\/page"}],"author":[{"embeddable":true,"href":"https:\/\/hoechsmann.de\/en\/wp-json\/wp\/v2\/users\/2"}],"replies":[{"embeddable":true,"href":"https:\/\/hoechsmann.de\/en\/wp-json\/wp\/v2\/comments?post=4046"}],"version-history":[{"count":45,"href":"https:\/\/hoechsmann.de\/en\/wp-json\/wp\/v2\/pages\/4046\/revisions"}],"predecessor-version":[{"id":4799,"href":"https:\/\/hoechsmann.de\/en\/wp-json\/wp\/v2\/pages\/4046\/revisions\/4799"}],"up":[{"embeddable":true,"href":"https:\/\/hoechsmann.de\/en\/wp-json\/wp\/v2\/pages\/992"}],"wp:attachment":[{"href":"https:\/\/hoechsmann.de\/en\/wp-json\/wp\/v2\/media?parent=4046"}],"curies":[{"name":"wp","href":"https:\/\/api.w.org\/{rel}","templated":true}]}}